{"id":87,"date":"2020-06-21T13:35:53","date_gmt":"2020-06-21T13:35:53","guid":{"rendered":"https:\/\/www.tripendulum.org\/?page_id=87"},"modified":"2024-02-06T10:39:37","modified_gmt":"2024-02-06T10:39:37","slug":"about-us","status":"publish","type":"page","link":"https:\/\/www.tripendulum.org\/de\/about-us\/","title":{"rendered":"About"},"content":{"rendered":"<div class=\"wp-block-media-text is-stacked-on-mobile\"><figure class=\"wp-block-media-text__media\"><img loading=\"lazy\" decoding=\"async\" width=\"2560\" height=\"1905\" src=\"http:\/\/www.tripendulum.org\/wp-content\/uploads\/2020\/06\/Gabriel-im-Pendelwald-scaled.jpg\" alt=\"Gabriel Banner Pendelwald\" class=\"wp-image-270 size-full\" srcset=\"https:\/\/www.tripendulum.org\/wp-content\/uploads\/2020\/06\/Gabriel-im-Pendelwald-scaled.jpg 2560w, https:\/\/www.tripendulum.org\/wp-content\/uploads\/2020\/06\/Gabriel-im-Pendelwald-scaled-416x310.jpg 416w, https:\/\/www.tripendulum.org\/wp-content\/uploads\/2020\/06\/Gabriel-im-Pendelwald-300x223.jpg 300w\" sizes=\"auto, (max-width: 2560px) 100vw, 2560px\" \/><\/figure><div class=\"wp-block-media-text__content\"><p class=\"has-text-align-justify\">Tripendulum\u00ae ist ein Produkt von Atelier Technik und Design Gabriel Schneck. Das Chaos Pendel kombiniert modernes Design mit hochwertigen Materialien - designt und produziert in Deutschland.<\/p><\/div><\/div><div style=\"height:20px\" aria-hidden=\"true\" class=\"wp-block-spacer\"><\/div><p class=\"has-text-align-justify\">2020 wurde Tripendulum\u00ae 20 Jahre alt. \nDas Familienunternehmen Technik und Design in M\u00fcnchen baut seit vielen Jahren Chaosmodelle. Erste Designstudien haben sich zu einem hochwertigen Produkt entwickelt. Neue Modelle wurden im Laufe der Jahre hinzugef\u00fcgt und verschiedene Designs und Optionen entwickelt.<\/p><p class=\"has-text-align-justify\">Heute ist die Tripendulum-Serie in vier verschiedenen Gr\u00f6\u00dfen und in mehr als 150 verschiedenen Farbkombinationen erh\u00e4ltlich. Technik und Design in M\u00fcnchen produziert Tripendulum-Chaos-Modelle als Familienunternehmen, vor allem jedoch als Manufaktur. Jedes Pendel ist einzigartig und individuell gebaut - nach Kundenwunsch.<\/p><p class=\"has-text-align-justify\">Tripendulum\u00ae ist nicht nur ein Chaosmodell mit einem faszinierenden wissenschaftlichen Hintergrund. Es ist auch ein Designobjekt von h\u00f6chster Qualit\u00e4t, mit edler Optik und absolut langlebig in der Mechanik. Ausdruck des Versuchs, unsere komplexe Welt ein wenig besser zu verstehen. Tripendulum\u00ae soll dem Nutzer die M\u00f6glichkeit geben, Chaos gleichzeitig genie\u00dfen und verstehen zu k\u00f6nnen.<\/p><p class=\"has-normal-font-size\"><strong>Gabriel Schneck<\/strong><br><em>Gr\u00fcnder von Technik und Design M\u00fcnchen<br>Designer und Konstrukteur der Tripendulum-Chaos-Modelle<\/em><\/p><figure class=\"wp-block-gallery has-nested-images columns-default is-cropped wp-block-gallery-1 is-layout-flex wp-block-gallery-is-layout-flex\"><figure class=\"wp-block-image size-large\"><img loading=\"lazy\" decoding=\"async\" width=\"873\" height=\"538\" data-id=\"360\" src=\"https:\/\/www.tripendulum.org\/wp-content\/uploads\/2020\/07\/Tripendulum-Evolution-Color.png\" alt=\"Tripendulum-Evolution-Color\" class=\"wp-image-360\" srcset=\"https:\/\/www.tripendulum.org\/wp-content\/uploads\/2020\/07\/Tripendulum-Evolution-Color.png 873w, https:\/\/www.tripendulum.org\/wp-content\/uploads\/2020\/07\/Tripendulum-Evolution-Color-416x256.png 416w, https:\/\/www.tripendulum.org\/wp-content\/uploads\/2020\/07\/Tripendulum-Evolution-Color-300x185.png 300w, https:\/\/www.tripendulum.org\/wp-content\/uploads\/2020\/07\/Tripendulum-Evolution-Color-768x473.png 768w\" sizes=\"auto, (max-width: 873px) 100vw, 873px\" \/><\/figure><\/figure><h1 class=\"wp-block-heading\">Hintergrund<\/h1><div class=\"wp-block-media-text is-stacked-on-mobile\"><figure class=\"wp-block-media-text__media\"><img loading=\"lazy\" decoding=\"async\" width=\"981\" height=\"722\" src=\"http:\/\/www.tripendulum.org\/wp-content\/uploads\/2020\/06\/Coverbild-banner-2.jpg\" alt=\"\" class=\"wp-image-255 size-full\" srcset=\"https:\/\/www.tripendulum.org\/wp-content\/uploads\/2020\/06\/Coverbild-banner-2.jpg 981w, https:\/\/www.tripendulum.org\/wp-content\/uploads\/2020\/06\/Coverbild-banner-2-416x306.jpg 416w, https:\/\/www.tripendulum.org\/wp-content\/uploads\/2020\/06\/Coverbild-banner-2-300x221.jpg 300w, https:\/\/www.tripendulum.org\/wp-content\/uploads\/2020\/06\/Coverbild-banner-2-768x565.jpg 768w\" sizes=\"auto, (max-width: 981px) 100vw, 981px\" \/><\/figure><div class=\"wp-block-media-text__content\"><p class=\"has-text-align-justify has-normal-font-size\"><br><br>Prof. Dr. Hans-Peter D\u00fcrr, damals Leiter des Max-Planck-Instituts f\u00fcr Physik und Astrophysik und Nachfolger von Werner Heisenberg, f\u00f6rderte die Entwicklung meines ersten Chaosmodells. Als guter Freund der Familie kam er vor vielen Jahren mit einer abenteuerlichen Konstruktion aus Flachstangen und Metallscheiben zu mir und fragte, ob das \u201eTrippelpendel\u201c, wie er es nannte, attraktiver und vor allem praktischer gemacht werden k\u00f6nne.<\/p><\/div><\/div><div style=\"height:20px\" aria-hidden=\"true\" class=\"wp-block-spacer\"><\/div><p class=\"has-text-align-justify\">In den folgenden Jahren wurde das erste Modell kontinuierlich weiterentwickelt. St\u00fcck f\u00fcr St\u00fcck wurden die anf\u00e4nglichen Schwierigkeiten \u00fcberwunden und ein Produkt geschaffen, das in kleinen Serien gebaut werden konnte. Es folgten neue, gr\u00f6\u00dfere Modelle sowie das kleinste Modell, das Tripendulum\u00ae 50 Mini. Heute sind die Chaos-Modelle der Tripendulum\u00ae-Reihe hochwertige und langlebige Produkte, die sich durch hochwertige Materialien, fachm\u00e4nnisch verarbeitete Oberfl\u00e4chen und h\u00f6chste mechanische Pr\u00e4zision auszeichnen.<\/p><p>Jedes gebaute Pendel ist eine Hommage an Hans-Peter D\u00fcrr, dem ich die Faszination f\u00fcr das Thema Chaos verdanke.<\/p><p>Information zu Hans-Peter D\u00fcrr: GCN Global Challenges Network e.V. <\/p>","protected":false},"excerpt":{"rendered":"<p>Tripendulum\u00ae is a product by Atelier Technik und Design Gabriel Schneck. The Chaos Pendulum combines modern design with high-quality materials &#8211; made in Germany. Tripendulum turned twenty years old in 2020. For this long the family-owned company Technik und Design has been building chaos models in Munich. First design studies have now turned into a [&hellip;]<\/p>","protected":false},"author":1,"featured_media":0,"parent":0,"menu_order":0,"comment_status":"closed","ping_status":"closed","template":"","meta":{"om_disable_all_campaigns":false,"_monsterinsights_skip_tracking":false,"_monsterinsights_sitenote_active":false,"_monsterinsights_sitenote_note":"","_monsterinsights_sitenote_category":0,"_uf_show_specific_survey":0,"_uf_disable_surveys":false,"footnotes":""},"class_list":["post-87","page","type-page","status-publish","hentry"],"aioseo_notices":[],"jetpack_sharing_enabled":true,"amp_enabled":true,"_links":{"self":[{"href":"https:\/\/www.tripendulum.org\/de\/wp-json\/wp\/v2\/pages\/87","targetHints":{"allow":["GET"]}}],"collection":[{"href":"https:\/\/www.tripendulum.org\/de\/wp-json\/wp\/v2\/pages"}],"about":[{"href":"https:\/\/www.tripendulum.org\/de\/wp-json\/wp\/v2\/types\/page"}],"author":[{"embeddable":true,"href":"https:\/\/www.tripendulum.org\/de\/wp-json\/wp\/v2\/users\/1"}],"replies":[{"embeddable":true,"href":"https:\/\/www.tripendulum.org\/de\/wp-json\/wp\/v2\/comments?post=87"}],"version-history":[{"count":16,"href":"https:\/\/www.tripendulum.org\/de\/wp-json\/wp\/v2\/pages\/87\/revisions"}],"predecessor-version":[{"id":1064,"href":"https:\/\/www.tripendulum.org\/de\/wp-json\/wp\/v2\/pages\/87\/revisions\/1064"}],"wp:attachment":[{"href":"https:\/\/www.tripendulum.org\/de\/wp-json\/wp\/v2\/media?parent=87"}],"curies":[{"name":"wp","href":"https:\/\/api.w.org\/{rel}","templated":true}]}}