{"id":101,"date":"2020-06-22T07:53:48","date_gmt":"2020-06-22T07:53:48","guid":{"rendered":"https:\/\/www.tripendulum.org\/?post_type=product&#038;p=101"},"modified":"2025-07-19T23:16:44","modified_gmt":"2025-07-19T23:16:44","slug":"t-50-mini","status":"publish","type":"product","link":"https:\/\/www.tripendulum.org\/de\/produkt\/t-50-mini\/","title":{"rendered":"T-50 Mini"},"content":{"rendered":"<p>Das neueste und kleinste Pendel der Tripendulum\u00ae 50 Baureihe ist filigran und bewegt sich flinker als seine gro\u00dfen Geschwister. Die Pendelarme sind eloxiert. Der Sockel besteht aus Stahl und ist mit einer feinen Struktur schwarz pulverlackiert. Die Baugr\u00f6\u00dfe entspricht ungef\u00e4hr der H\u00e4lfte eines Tripendulum\u00ae 100. \nAls hochwertiges Kundengeschenk kann es nach Ihren W\u00fcnschen individualisiert werden. Fragen Sie nach den Details und lassen Sie sich \u00fcberraschen. Der Aufnahmestab sowie die Beschlagteile bestehen aus Stahl und unterschiedlichen Metallen. Die Oberfl\u00e4chen der Beschlagteile sind poliert und verchromt. Die Pendelarme sind eloxiert. Die Lagerungen sind gegen Staub und Verschmutzung gesch\u00fctzt.<br \/>\nblack. The bearings are protected against dust and dirt.<\/p>\n<p>All components of the Tripendulum models are manufactured exclusively in Germany.<\/p>","protected":false},"excerpt":{"rendered":"<p>Das kleinste Pendel in unserer Tripendulum\u00ae Kollektion \u2013 ein feinmechanisches Meisterwerk.<\/p>","protected":false},"featured_media":203,"template":"","meta":{"om_disable_all_campaigns":false,"_monsterinsights_skip_tracking":false,"_monsterinsights_sitenote_active":false,"_monsterinsights_sitenote_note":"","_monsterinsights_sitenote_category":0,"_uf_show_specific_survey":0,"_uf_disable_surveys":false},"product_brand":[],"product_cat":[46],"product_tag":[122,25,26,22,70,123,111],"class_list":{"0":"post-101","1":"product","2":"type-product","3":"status-publish","4":"has-post-thumbnail","6":"product_cat-t-50-mini","7":"product_tag-mini-tripendulum","8":"product_tag-small","9":"product_tag-steel","10":"product_tag-tripendulum","11":"product_tag-tripendulum-50","12":"product_tag-tripendulum-series","13":"product_tag-tripendulum-store","15":"first","16":"instock","17":"taxable","18":"shipping-taxable","19":"purchasable","20":"product-type-simple"},"aioseo_notices":[],"jetpack_sharing_enabled":true,"_links":{"self":[{"href":"https:\/\/www.tripendulum.org\/de\/wp-json\/wp\/v2\/product\/101","targetHints":{"allow":["GET"]}}],"collection":[{"href":"https:\/\/www.tripendulum.org\/de\/wp-json\/wp\/v2\/product"}],"about":[{"href":"https:\/\/www.tripendulum.org\/de\/wp-json\/wp\/v2\/types\/product"}],"wp:featuredmedia":[{"embeddable":true,"href":"https:\/\/www.tripendulum.org\/de\/wp-json\/wp\/v2\/media\/203"}],"wp:attachment":[{"href":"https:\/\/www.tripendulum.org\/de\/wp-json\/wp\/v2\/media?parent=101"}],"wp:term":[{"taxonomy":"product_brand","embeddable":true,"href":"https:\/\/www.tripendulum.org\/de\/wp-json\/wp\/v2\/product_brand?post=101"},{"taxonomy":"product_cat","embeddable":true,"href":"https:\/\/www.tripendulum.org\/de\/wp-json\/wp\/v2\/product_cat?post=101"},{"taxonomy":"product_tag","embeddable":true,"href":"https:\/\/www.tripendulum.org\/de\/wp-json\/wp\/v2\/product_tag?post=101"}],"curies":[{"name":"wp","href":"https:\/\/api.w.org\/{rel}","templated":true}]}}