{"id":119,"date":"2020-06-22T09:23:37","date_gmt":"2020-06-22T09:23:37","guid":{"rendered":"https:\/\/www.tripendulum.org\/?post_type=product&#038;p=119"},"modified":"2025-07-19T23:16:31","modified_gmt":"2025-07-19T23:16:31","slug":"tripendulum-50-mini-black","status":"publish","type":"product","link":"https:\/\/www.tripendulum.org\/de\/produkt\/tripendulum-50-mini-black\/","title":{"rendered":"T-50 Mini Black Edition"},"content":{"rendered":"<p>Das neueste und kleinste Pendel der Tripendulum\u00ae 50 Baureihe ist filigran und bewegt sich flinker als seine gro\u00dfen Geschwister. Der Sockel besteht aus Stahl und ist mit einer feinen Struktur schwarz pulverlackiert. Alle drei Pendelarme sind schwarz eloxiert. Die Lagerungen sind gegen Staub und Schmutz gesch\u00fctzt. In Kombination mit den Chrombeschl\u00e4gen handelt es sich um ein echtes kleines Designpendel. Die Gr\u00f6\u00dfe entspricht ungef\u00e4hr der H\u00e4lfte eines Tripendulum\u00ae 100.<\/p>\n<p>All components of Tripendulum models are manufactured exclusively in Germany.<\/p>","protected":false},"excerpt":{"rendered":"<p>Das kleinste Pendel in unserer Tripendulum\u00ae Kollektion \u2013 ein feinmechanisches Meisterwerk.<\/p>","protected":false},"featured_media":317,"template":"","meta":{"om_disable_all_campaigns":false,"_monsterinsights_skip_tracking":false,"_monsterinsights_sitenote_active":false,"_monsterinsights_sitenote_note":"","_monsterinsights_sitenote_category":0,"_uf_show_specific_survey":0,"_uf_disable_surveys":false},"product_brand":[],"product_cat":[46],"product_tag":[27,36,122,25,124,22,70,111],"class_list":{"0":"post-119","1":"product","2":"type-product","3":"status-publish","4":"has-post-thumbnail","6":"product_cat-t-50-mini","7":"product_tag-black","8":"product_tag-edition","9":"product_tag-mini-tripendulum","10":"product_tag-small","11":"product_tag-small-tripendulum","12":"product_tag-tripendulum","13":"product_tag-tripendulum-50","14":"product_tag-tripendulum-store","16":"first","17":"instock","18":"taxable","19":"shipping-taxable","20":"purchasable","21":"product-type-simple"},"aioseo_notices":[],"jetpack_sharing_enabled":true,"_links":{"self":[{"href":"https:\/\/www.tripendulum.org\/de\/wp-json\/wp\/v2\/product\/119","targetHints":{"allow":["GET"]}}],"collection":[{"href":"https:\/\/www.tripendulum.org\/de\/wp-json\/wp\/v2\/product"}],"about":[{"href":"https:\/\/www.tripendulum.org\/de\/wp-json\/wp\/v2\/types\/product"}],"wp:featuredmedia":[{"embeddable":true,"href":"https:\/\/www.tripendulum.org\/de\/wp-json\/wp\/v2\/media\/317"}],"wp:attachment":[{"href":"https:\/\/www.tripendulum.org\/de\/wp-json\/wp\/v2\/media?parent=119"}],"wp:term":[{"taxonomy":"product_brand","embeddable":true,"href":"https:\/\/www.tripendulum.org\/de\/wp-json\/wp\/v2\/product_brand?post=119"},{"taxonomy":"product_cat","embeddable":true,"href":"https:\/\/www.tripendulum.org\/de\/wp-json\/wp\/v2\/product_cat?post=119"},{"taxonomy":"product_tag","embeddable":true,"href":"https:\/\/www.tripendulum.org\/de\/wp-json\/wp\/v2\/product_tag?post=119"}],"curies":[{"name":"wp","href":"https:\/\/api.w.org\/{rel}","templated":true}]}}