{"id":129,"date":"2020-06-22T09:49:52","date_gmt":"2020-06-22T09:49:52","guid":{"rendered":"https:\/\/www.tripendulum.org\/?post_type=product&#038;p=129"},"modified":"2025-06-11T18:14:48","modified_gmt":"2025-06-11T18:14:48","slug":"t-100-white-edition","status":"publish","type":"product","link":"https:\/\/www.tripendulum.org\/de\/produkt\/t-100-white-edition\/","title":{"rendered":"T-100 White Edition"},"content":{"rendered":"<p>The color combination of white and chrome stands for timeless elegance and value. All three swing arms feature high-gloss white surfaces, and in combination with the polished chrome-plated fittings, provide a pendulum with a luxurious yet modern esthetic. The appearance of this Tripendulum model is perfected by a 30 mm thick polished Carrara marble base. The mounting rod and fittings are made of steel and different metals. The surfaces are polished and chrome-plated. The bearings are protected against dust and dirt.<\/p>\n<p>All components of Tripendulum models are manufactured exclusively in Germany.<\/p>\n<p><strong>Dieses Tripendulum befindet sich in der Produktion und wird ab Ende Mai wieder erh\u00e4ltlich sein. Vorbestellungen sind bereits m\u00f6glich.<\/strong><\/p>","protected":false},"excerpt":{"rendered":"<p>Wei\u00df und zeitlos elegant. Dieses Pendel besticht mit drei hochgl\u00e4nzend wei\u00dfen Pendelarmen und einem edlen Sockel aus poliertem Carrara Marmor.<\/p>","protected":false},"featured_media":278,"template":"","meta":{"om_disable_all_campaigns":false,"_monsterinsights_skip_tracking":false,"_monsterinsights_sitenote_active":false,"_monsterinsights_sitenote_note":"","_monsterinsights_sitenote_category":0,"_uf_show_specific_survey":0,"_uf_disable_surveys":false},"product_brand":[],"product_cat":[33],"product_tag":[112,22,19,117,123,111,129],"class_list":{"0":"post-129","1":"product","2":"type-product","3":"status-publish","4":"has-post-thumbnail","6":"product_cat-t-100-premium","7":"product_tag-chaos-model","8":"product_tag-tripendulum","9":"product_tag-tripendulum-100","10":"product_tag-tripendulum-model","11":"product_tag-tripendulum-series","12":"product_tag-tripendulum-store","13":"product_tag-tripendulum-white","15":"first","16":"instock","17":"taxable","18":"shipping-taxable","19":"product-type-simple"},"aioseo_notices":[],"jetpack_sharing_enabled":true,"_links":{"self":[{"href":"https:\/\/www.tripendulum.org\/de\/wp-json\/wp\/v2\/product\/129","targetHints":{"allow":["GET"]}}],"collection":[{"href":"https:\/\/www.tripendulum.org\/de\/wp-json\/wp\/v2\/product"}],"about":[{"href":"https:\/\/www.tripendulum.org\/de\/wp-json\/wp\/v2\/types\/product"}],"wp:featuredmedia":[{"embeddable":true,"href":"https:\/\/www.tripendulum.org\/de\/wp-json\/wp\/v2\/media\/278"}],"wp:attachment":[{"href":"https:\/\/www.tripendulum.org\/de\/wp-json\/wp\/v2\/media?parent=129"}],"wp:term":[{"taxonomy":"product_brand","embeddable":true,"href":"https:\/\/www.tripendulum.org\/de\/wp-json\/wp\/v2\/product_brand?post=129"},{"taxonomy":"product_cat","embeddable":true,"href":"https:\/\/www.tripendulum.org\/de\/wp-json\/wp\/v2\/product_cat?post=129"},{"taxonomy":"product_tag","embeddable":true,"href":"https:\/\/www.tripendulum.org\/de\/wp-json\/wp\/v2\/product_tag?post=129"}],"curies":[{"name":"wp","href":"https:\/\/api.w.org\/{rel}","templated":true}]}}