{"id":13005,"date":"2026-04-12T12:49:14","date_gmt":"2026-04-12T12:49:14","guid":{"rendered":"https:\/\/www.tripendulum.org\/?post_type=product&#038;p=13005"},"modified":"2026-04-12T13:41:07","modified_gmt":"2026-04-12T13:41:07","slug":"t-100-elegant-white-chrome-limited-design-edition","status":"publish","type":"product","link":"https:\/\/www.tripendulum.org\/de\/produkt\/t-100-elegant-white-chrome-limited-design-edition\/","title":{"rendered":"T-100 Elegant White Chrome &#8211; Limited Design Edition"},"content":{"rendered":"<p data-start=\"122\" data-end=\"324\">Tripendulum bietet zudem eine kleine Auswahl an einzigartigen Modellen an, die in limitierter Auflage hergestellt werden. Der Sockel dieses T-100 Elegant White Chrome Limited Design besteht aus einer eleganten Grundplatte aus Verde-Lapponia-Granit.<\/p>\n<p data-start=\"326\" data-end=\"594\"><strong>Two swing arms, as well as all fittings, are polished and high-gloss chrome-plated, while the middle swing arm is white.<\/strong> This pendulum reflects its surroundings in a thousand facets. Its movement unfolds a very special mysticism \u2013 a captivating interplay with light.<\/p>\n<p data-start=\"596\" data-end=\"756\">Die Befestigungsstange und die Beschl\u00e4ge bestehen aus Stahl und verschiedenen Metallen mit polierten und verchromten Oberfl\u00e4chen. Die Lager sind gegen Staub und Schmutz gesch\u00fctzt.<\/p>\n<p data-start=\"758\" data-end=\"813\">Alle Bauteile werden ausschlie\u00dflich in Deutschland produziert.<\/p>\n<p data-start=\"758\" data-end=\"813\"><strong>Bitte beachten Sie, dass das tats\u00e4chliche Produkt geringf\u00fcgig von den gezeigten Abbildungen abweichen kann, da es sich um ein Unikat handelt. Bei Fragen oder Unklarheiten wenden Sie sich bitte per E-Mail an uns.\u00a0<\/strong><\/p>","protected":false},"excerpt":{"rendered":"<p><span style=\"vertical-align: inherit;\"><span style=\"vertical-align: inherit;\"><span style=\"vertical-align: inherit;\"><span style=\"vertical-align: inherit;\"><span style=\"vertical-align: inherit;\"><span style=\"vertical-align: inherit;\"><span style=\"vertical-align: inherit;\"><span style=\"vertical-align: inherit;\">Der Klassiker der Tripendulum\u00ae Baureihe wird seit \u00fcber 15 Jahren gebaut, und ist in individuellen Farbkombinationen erh\u00e4ltlich. Dabei wird jedes Pendel exakt nach Ihren Farbw\u00fcnschen gefertigt.<\/span><\/span><\/span><\/span><\/span><\/span><\/span><\/span><\/p>\n<p><strong>Bitte beachten Sie, dass das tats\u00e4chliche Produkt geringf\u00fcgig von den gezeigten Abbildungen abweichen kann, da es sich um ein Unikat handelt. Bei Fragen oder Unklarheiten wenden Sie sich bitte per E-Mail an uns.\u00a0<\/strong><\/p>","protected":false},"featured_media":278,"template":"","meta":{"om_disable_all_campaigns":false,"_monsterinsights_skip_tracking":false,"_monsterinsights_sitenote_active":false,"_monsterinsights_sitenote_note":"","_monsterinsights_sitenote_category":0,"_uf_show_specific_survey":0,"_uf_disable_surveys":false},"product_brand":[],"product_cat":[33],"product_tag":[112,113,114,20,19,111],"class_list":{"0":"post-13005","1":"product","2":"type-product","3":"status-publish","4":"has-post-thumbnail","6":"product_cat-t-100-premium","7":"product_tag-chaos-model","8":"product_tag-chaos-pendulum","9":"product_tag-pendulum-models","10":"product_tag-t-100","11":"product_tag-tripendulum-100","12":"product_tag-tripendulum-store","14":"first","15":"instock","16":"sold-individually","17":"taxable","18":"shipping-taxable","19":"purchasable","20":"product-type-simple"},"aioseo_notices":[],"jetpack_sharing_enabled":true,"_links":{"self":[{"href":"https:\/\/www.tripendulum.org\/de\/wp-json\/wp\/v2\/product\/13005","targetHints":{"allow":["GET"]}}],"collection":[{"href":"https:\/\/www.tripendulum.org\/de\/wp-json\/wp\/v2\/product"}],"about":[{"href":"https:\/\/www.tripendulum.org\/de\/wp-json\/wp\/v2\/types\/product"}],"wp:featuredmedia":[{"embeddable":true,"href":"https:\/\/www.tripendulum.org\/de\/wp-json\/wp\/v2\/media\/278"}],"wp:attachment":[{"href":"https:\/\/www.tripendulum.org\/de\/wp-json\/wp\/v2\/media?parent=13005"}],"wp:term":[{"taxonomy":"product_brand","embeddable":true,"href":"https:\/\/www.tripendulum.org\/de\/wp-json\/wp\/v2\/product_brand?post=13005"},{"taxonomy":"product_cat","embeddable":true,"href":"https:\/\/www.tripendulum.org\/de\/wp-json\/wp\/v2\/product_cat?post=13005"},{"taxonomy":"product_tag","embeddable":true,"href":"https:\/\/www.tripendulum.org\/de\/wp-json\/wp\/v2\/product_tag?post=13005"}],"curies":[{"name":"wp","href":"https:\/\/api.w.org\/{rel}","templated":true}]}}