{"id":148,"date":"2020-06-22T13:21:43","date_gmt":"2020-06-22T13:21:43","guid":{"rendered":"https:\/\/www.tripendulum.org\/?post_type=product&#038;p=148"},"modified":"2026-04-05T11:37:24","modified_gmt":"2026-04-05T11:37:24","slug":"t-200-black-edition","status":"publish","type":"product","link":"https:\/\/www.tripendulum.org\/de\/produkt\/t-200-black-edition\/","title":{"rendered":"T-200 Black Edition"},"content":{"rendered":"<p>The color combination of this Tripendulum model is elegant and modern with a purpose in mind. In the T-200 series<br \/>\nBei der Black Edition der T-200 Baureihe ist die Tischklemme schwarz eloxiert und der Aufnahmestab schwarz pulverlackiert. Damit treten diese Bauteile optisch in den Hintergrund und die Blicke konzentrieren sich auf die drei eloxierten Pendelst\u00e4be aus Aluminium. Was bleibt ist die reine Bewegung. Die Kombination aus schwarzem und matt-silbernem Aluminium sowie edlem Chrom begeistert zusammen mit der perfekten Qualit\u00e4t dieses Pendels. Die Tischklemme besteht aus schwarz eloxiertem Aluminium mit einer kr\u00e4ftigen Schraubbefestigung. Der Aufnahmestab ist schwarz pulverlackiert. Die Pr\u00e4zisionslagerungen sind gegen Staub und Verschmutzung gesch\u00fctzt. Die Beschlagteile sind poliert und hochgl\u00e4nzend verchromt.<\/p>","protected":false},"excerpt":{"rendered":"<p>Schwarze und matt-silberne Aluminiumoberfl\u00e4chen. Zeitlose \u00c4sthetik und maximale Dynamik in Vollendung.<\/p>","protected":false},"featured_media":310,"template":"","meta":{"om_disable_all_campaigns":false,"_monsterinsights_skip_tracking":false,"_monsterinsights_sitenote_active":false,"_monsterinsights_sitenote_note":"","_monsterinsights_sitenote_category":0,"_uf_show_specific_survey":0,"_uf_disable_surveys":false},"product_brand":[],"product_cat":[39],"product_tag":[40,27,112,79,22,110],"class_list":{"0":"post-148","1":"product","2":"type-product","3":"status-publish","4":"has-post-thumbnail","6":"product_cat-t-200-premium","7":"product_tag-40","8":"product_tag-black","9":"product_tag-chaos-model","10":"product_tag-premium","11":"product_tag-tripendulum","12":"product_tag-tripendulum-200","14":"first","15":"onbackorder","16":"taxable","17":"shipping-taxable","18":"purchasable","19":"product-type-simple"},"aioseo_notices":[],"jetpack_sharing_enabled":true,"_links":{"self":[{"href":"https:\/\/www.tripendulum.org\/de\/wp-json\/wp\/v2\/product\/148","targetHints":{"allow":["GET"]}}],"collection":[{"href":"https:\/\/www.tripendulum.org\/de\/wp-json\/wp\/v2\/product"}],"about":[{"href":"https:\/\/www.tripendulum.org\/de\/wp-json\/wp\/v2\/types\/product"}],"wp:featuredmedia":[{"embeddable":true,"href":"https:\/\/www.tripendulum.org\/de\/wp-json\/wp\/v2\/media\/310"}],"wp:attachment":[{"href":"https:\/\/www.tripendulum.org\/de\/wp-json\/wp\/v2\/media?parent=148"}],"wp:term":[{"taxonomy":"product_brand","embeddable":true,"href":"https:\/\/www.tripendulum.org\/de\/wp-json\/wp\/v2\/product_brand?post=148"},{"taxonomy":"product_cat","embeddable":true,"href":"https:\/\/www.tripendulum.org\/de\/wp-json\/wp\/v2\/product_cat?post=148"},{"taxonomy":"product_tag","embeddable":true,"href":"https:\/\/www.tripendulum.org\/de\/wp-json\/wp\/v2\/product_tag?post=148"}],"curies":[{"name":"wp","href":"https:\/\/api.w.org\/{rel}","templated":true}]}}