{"id":156,"date":"2020-06-22T13:20:30","date_gmt":"2020-06-22T13:20:30","guid":{"rendered":"https:\/\/www.tripendulum.org\/?post_type=product&#038;p=156"},"modified":"2025-05-06T16:00:14","modified_gmt":"2025-05-06T16:00:14","slug":"t-300","status":"publish","type":"product","link":"https:\/\/www.tripendulum.org\/de\/produkt\/t-300\/","title":{"rendered":"T-300"},"content":{"rendered":"<p>If you want to go to the the maximum, to the limits of the possible, this Tripendulum model will take your breath away. It\u2019s as big as it gets. Just starting the arm-length pendulum rods already gives you a sense of the power in this pendulum. The quality of the components leaves nothing to be desired. The pendulum can be ordered either with the base plate alone or with a floor frame. No matter how you want your pendulum, you will be thrilled.<br \/>\nA variety of design options are available. Each pendulum is made individually for you and all your wishes can be taken into account. Colors, surfaces, labels.<\/p>\n<p><strong>Technical Specifications:<br \/>\n<\/strong>The weight depends on the material of the base plate (for example Nero Assoluto granite or Verde Lapponia marble)<br \/>\nBeschlagteile: poliert und verchromt<br \/>\nPendelarme: Aluminium farblos eloxiert, Stahl und Edelstahl<br \/>\nTechnische Beschlagteile: Stahl und Edelstahl<\/p>\n<p><strong>Technical Data Floor Frame \/ Stand:<br \/>\n<\/strong>Standfl\u00e4che: 615 x 615 mm<br \/>\nHeight: 725 mm to the bottom edge of the granite<br \/>\nEine individuelle Gestaltung von Sockelplatte und Bodengestell ist m\u00f6glich.<br \/>\nDurchmesser Tellerf\u00fc\u00dfe: 110 mm<br \/>\nOberfl\u00e4chen: Gestell schwarz pulverlackiert, Tellerf\u00fc\u00dfe poliert und verchromt<br \/>\nThe\u00a0Floor Frame \/ Stand comes as an optional add-on, at a price of \u00a01860 \u20ac.<\/p>\n<p>All prices are exclusive of taxes.<\/p>\n<p><strong>Feel free to contact us or send a message with the form below:<\/strong><br \/>\n<strong>Gabriel Schneck<\/strong><br \/>\ninfo@technik-und-design.com<br \/>\nTel.: +49 89 599 987 68<\/p>\n\n<div class=\"wpcf7 no-js\" id=\"wpcf7-f11359-o1\" lang=\"en-US\" dir=\"ltr\" data-wpcf7-id=\"11359\">\n<div class=\"screen-reader-response\"><p role=\"status\" aria-live=\"polite\" aria-atomic=\"true\"><\/p> <ul><\/ul><\/div>\n<form action=\"\/de\/wp-json\/wp\/v2\/product\/156#wpcf7-f11359-o1\" method=\"post\" class=\"wpcf7-form init\" aria-label=\"Contact form\" novalidate=\"novalidate\" data-status=\"init\" data-trp-original-action=\"\/de\/wp-json\/wp\/v2\/product\/156#wpcf7-f11359-o1\">\n<div style=\"display: none;\">\n<input type=\"hidden\" name=\"_wpcf7\" value=\"11359\" \/>\n<input type=\"hidden\" name=\"_wpcf7_version\" value=\"6.0.6\" \/>\n<input type=\"hidden\" name=\"_wpcf7_locale\" value=\"en_US\" \/>\n<input type=\"hidden\" name=\"_wpcf7_unit_tag\" value=\"wpcf7-f11359-o1\" \/>\n<input type=\"hidden\" name=\"_wpcf7_container_post\" value=\"0\" \/>\n<input type=\"hidden\" name=\"_wpcf7_posted_data_hash\" value=\"\" \/>\n<input type=\"hidden\" name=\"_wpcf7_recaptcha_response\" value=\"\" \/>\n<\/div>\n<p><label>Your Name:<br \/>\n<span class=\"wpcf7-form-control-wrap\" data-name=\"your-name\"><input size=\"40\" maxlength=\"400\" class=\"wpcf7-form-control wpcf7-text wpcf7-validates-as-required\" aria-required=\"true\" aria-invalid=\"false\" value=\"\" type=\"text\" name=\"your-name\" \/><\/span><br \/>\n<\/label>\n<\/p>\n<p><label>Your Email:<br \/>\n<span class=\"wpcf7-form-control-wrap\" data-name=\"your-email\"><input size=\"40\" maxlength=\"400\" class=\"wpcf7-form-control wpcf7-email wpcf7-validates-as-required wpcf7-text wpcf7-validates-as-email\" aria-required=\"true\" aria-invalid=\"false\" value=\"\" type=\"email\" name=\"your-email\" \/><\/span><br \/>\n<\/label>\n<\/p>\n<p><label>Phone (optional):<br \/>\n<span class=\"wpcf7-form-control-wrap\" data-name=\"your-phone\"><input size=\"40\" maxlength=\"400\" class=\"wpcf7-form-control wpcf7-tel wpcf7-text wpcf7-validates-as-tel\" aria-invalid=\"false\" value=\"\" type=\"tel\" name=\"your-phone\" \/><\/span><br \/>\n<\/label>\n<\/p>\n<p><label>Message:<br \/>\n<span class=\"wpcf7-form-control-wrap\" data-name=\"your-message\"><textarea cols=\"40\" rows=\"10\" maxlength=\"2000\" class=\"wpcf7-form-control wpcf7-textarea wpcf7-validates-as-required\" aria-required=\"true\" aria-invalid=\"false\" name=\"your-message\"><\/textarea><\/span><br \/>\n<\/label>\n<\/p>\n\n<p><input class=\"wpcf7-form-control wpcf7-submit has-spinner\" type=\"submit\" value=\"Send Request\" \/>\n<\/p><p style=\"display: none !important;\" class=\"akismet-fields-container\" data-prefix=\"_wpcf7_ak_\"><label>&#916;<textarea name=\"_wpcf7_ak_hp_textarea\" cols=\"45\" rows=\"8\" maxlength=\"100\"><\/textarea><\/label><input type=\"hidden\" id=\"ak_js_1\" name=\"_wpcf7_ak_js\" value=\"48\"\/><script>document.getElementById( \"ak_js_1\" ).setAttribute( \"value\", ( new Date() ).getTime() );<\/script><\/p><div class=\"wpcf7-response-output\" aria-hidden=\"true\"><\/div>\n<input type=\"hidden\" name=\"trp-form-language\" value=\"de\"\/><\/form>\n<\/div>","protected":false},"excerpt":{"rendered":"<p>Das gr\u00f6\u00dfte Pendel in unserer Kollektion. Der ultimative Traum in atemberaubender Gr\u00f6\u00dfe. Bewegung, Dynamik und Laufzeit in allerh\u00f6chster Vollendung und zeitloser \u00c4sthetik. Der St\u00e4nder ist optional verf\u00fcgbar.<\/p>\n<p><strong>Price on request, starting from 4.940 \u20ac.<\/strong><\/p>\n<p><strong>For orders, please reach out via the contact form below.<\/strong><\/p>","protected":false},"featured_media":159,"template":"","meta":{"om_disable_all_campaigns":false,"_monsterinsights_skip_tracking":false,"_monsterinsights_sitenote_active":false,"_monsterinsights_sitenote_note":"","_monsterinsights_sitenote_category":0,"_uf_show_specific_survey":0,"_uf_disable_surveys":false},"product_brand":[],"product_cat":[42],"product_tag":[44,45,121,22,120,111],"class_list":{"0":"post-156","1":"product","2":"type-product","3":"status-publish","4":"has-post-thumbnail","6":"product_cat-t-300-premium","7":"product_tag-44","8":"product_tag-large","9":"product_tag-large-tripendulum","10":"product_tag-tripendulum","11":"product_tag-tripendulum-300","12":"product_tag-tripendulum-store","14":"first","15":"instock","16":"taxable","17":"shipping-taxable","18":"product-type-simple"},"aioseo_notices":[],"jetpack_sharing_enabled":true,"_links":{"self":[{"href":"https:\/\/www.tripendulum.org\/de\/wp-json\/wp\/v2\/product\/156","targetHints":{"allow":["GET"]}}],"collection":[{"href":"https:\/\/www.tripendulum.org\/de\/wp-json\/wp\/v2\/product"}],"about":[{"href":"https:\/\/www.tripendulum.org\/de\/wp-json\/wp\/v2\/types\/product"}],"wp:featuredmedia":[{"embeddable":true,"href":"https:\/\/www.tripendulum.org\/de\/wp-json\/wp\/v2\/media\/159"}],"wp:attachment":[{"href":"https:\/\/www.tripendulum.org\/de\/wp-json\/wp\/v2\/media?parent=156"}],"wp:term":[{"taxonomy":"product_brand","embeddable":true,"href":"https:\/\/www.tripendulum.org\/de\/wp-json\/wp\/v2\/product_brand?post=156"},{"taxonomy":"product_cat","embeddable":true,"href":"https:\/\/www.tripendulum.org\/de\/wp-json\/wp\/v2\/product_cat?post=156"},{"taxonomy":"product_tag","embeddable":true,"href":"https:\/\/www.tripendulum.org\/de\/wp-json\/wp\/v2\/product_tag?post=156"}],"curies":[{"name":"wp","href":"https:\/\/api.w.org\/{rel}","templated":true}]}}