{"id":344,"date":"2020-06-26T07:29:57","date_gmt":"2020-06-26T07:29:57","guid":{"rendered":"https:\/\/www.tripendulum.org\/?post_type=product&#038;p=344"},"modified":"2023-06-13T13:05:07","modified_gmt":"2023-06-13T13:05:07","slug":"t-200-locking-bar-bolt","status":"publish","type":"product","link":"https:\/\/www.tripendulum.org\/de\/produkt\/t-200-locking-bar-bolt\/","title":{"rendered":"T-200 Arretierung der Pendelst\u00e4be"},"content":{"rendered":"<p>Please note: It is not possible to install the lock after production of the Tripendulum. Let us know if you want a lock when ordering your T-200. The swing arm lock is only available for the 200 series, with the exception of the Chrome Edition.<\/p>","protected":false},"excerpt":{"rendered":"<p>F\u00fcr die Darstellung eines Einfach-, Doppel und Tripelpendels.<\/p>\n<p>Viele Kunden w\u00fcnschen sich f\u00fcr ihren Einsatzzweck die M\u00f6glichkeit, die Pendelst\u00e4be zu arretieren. \u00dcber zwei Kugelbolzen k\u00f6nnen alle Pendelst\u00e4be verbunden werden. Je nachdem, welche Bolzen Sie entfernen, k\u00f6nnen Sie alle Pendelvarianten zeigen. Wenn Sie eine Arretierung w\u00fcnschen, muss diese bei der Bestellung des Pendels mitgeordert werden. Die Bolzen bestehen aus Edelstahl und sind korrosionsbest\u00e4ndig.<\/p>","protected":false},"featured_media":442,"template":"","meta":{"om_disable_all_campaigns":false,"_monsterinsights_skip_tracking":false,"_monsterinsights_sitenote_active":false,"_monsterinsights_sitenote_note":"","_monsterinsights_sitenote_category":0,"_uf_show_specific_survey":0,"_uf_disable_surveys":false},"product_brand":[],"product_cat":[16],"product_tag":[77,76,115,75,74,72,22],"class_list":{"0":"post-344","1":"product","2":"type-product","3":"status-publish","4":"has-post-thumbnail","6":"product_cat-accessories","7":"product_tag-accessories","8":"product_tag-arm-lock","9":"product_tag-portable-tripendulum","10":"product_tag-t-200","11":"product_tag-transport","12":"product_tag-travel","13":"product_tag-tripendulum","14":"product_shipping_class-t-200-granit","16":"first","17":"instock","18":"taxable","19":"shipping-taxable","20":"purchasable","21":"product-type-simple"},"aioseo_notices":[],"jetpack_sharing_enabled":true,"_links":{"self":[{"href":"https:\/\/www.tripendulum.org\/de\/wp-json\/wp\/v2\/product\/344","targetHints":{"allow":["GET"]}}],"collection":[{"href":"https:\/\/www.tripendulum.org\/de\/wp-json\/wp\/v2\/product"}],"about":[{"href":"https:\/\/www.tripendulum.org\/de\/wp-json\/wp\/v2\/types\/product"}],"wp:featuredmedia":[{"embeddable":true,"href":"https:\/\/www.tripendulum.org\/de\/wp-json\/wp\/v2\/media\/442"}],"wp:attachment":[{"href":"https:\/\/www.tripendulum.org\/de\/wp-json\/wp\/v2\/media?parent=344"}],"wp:term":[{"taxonomy":"product_brand","embeddable":true,"href":"https:\/\/www.tripendulum.org\/de\/wp-json\/wp\/v2\/product_brand?post=344"},{"taxonomy":"product_cat","embeddable":true,"href":"https:\/\/www.tripendulum.org\/de\/wp-json\/wp\/v2\/product_cat?post=344"},{"taxonomy":"product_tag","embeddable":true,"href":"https:\/\/www.tripendulum.org\/de\/wp-json\/wp\/v2\/product_tag?post=344"}],"curies":[{"name":"wp","href":"https:\/\/api.w.org\/{rel}","templated":true}]}}