{"id":74,"date":"2020-06-21T11:52:51","date_gmt":"2020-06-21T11:52:51","guid":{"rendered":"http:\/\/18.194.41.218\/?post_type=product&#038;p=74"},"modified":"2025-05-05T17:37:24","modified_gmt":"2025-05-05T17:37:24","slug":"t-100-color-edition","status":"publish","type":"product","link":"https:\/\/www.tripendulum.org\/de\/produkt\/t-100-color-edition\/","title":{"rendered":"T-100 Color Edition personalisiert"},"content":{"rendered":"<p><span style=\"vertical-align: inherit;\"><span style=\"vertical-align: inherit;\"><span style=\"vertical-align: inherit;\"><span style=\"vertical-align: inherit;\"><span style=\"vertical-align: inherit;\"><span style=\"vertical-align: inherit;\">Dieses Tripendulum kann nach Ihren W\u00fcnschen hergestellt werden. <\/span><\/span><\/span><\/span><\/span><\/span><\/p>\n<p><span style=\"vertical-align: inherit;\"><span style=\"vertical-align: inherit;\"><span style=\"vertical-align: inherit;\"><span style=\"vertical-align: inherit;\"><span style=\"vertical-align: inherit;\"><span style=\"vertical-align: inherit;\">Die Stahlbasis besteht entweder aus pulverbeschichtetem Schwarz mit feiner Textur, aus schwarzem Nero Assoluto-Granit oder aus Carrara-Marmor. <\/span><\/span><\/span><\/span><\/span><span style=\"vertical-align: inherit;\"><span style=\"vertical-align: inherit;\"><span style=\"vertical-align: inherit;\"><span style=\"vertical-align: inherit;\"><span style=\"vertical-align: inherit;\">Die Schwingen sind feinmechanische Pr\u00e4zisionsmetallkomponenten, die in einer Vielzahl von Oberfl\u00e4chen und in jeder gew\u00fcnschten Kombination erh\u00e4ltlich sind. <\/span><\/span><\/span><\/span><\/span><span style=\"vertical-align: inherit;\"><span style=\"vertical-align: inherit;\"><span style=\"vertical-align: inherit;\"><span style=\"vertical-align: inherit;\"><span style=\"vertical-align: inherit;\">Die Montagestange und die Beschl\u00e4ge bestehen aus Stahl und verschiedenen Metallen mit polierten und verchromten Oberfl\u00e4chen. <\/span><\/span><\/span><\/span><\/span><span style=\"vertical-align: inherit;\"><span style=\"vertical-align: inherit;\"><span style=\"vertical-align: inherit;\"><span style=\"vertical-align: inherit;\"><span style=\"vertical-align: inherit;\">Die Lager sind gegen Staub und Schmutz gesch\u00fctzt.<\/span><\/span><\/span><\/span><\/span><\/span><\/p>\n<p><span style=\"vertical-align: inherit;\"><span style=\"vertical-align: inherit;\"><span style=\"vertical-align: inherit;\"><span style=\"vertical-align: inherit;\"><span style=\"vertical-align: inherit;\">Jede Komponente kann nach Ihren W\u00fcnschen hergestellt werden. <\/span><\/span><\/span><span style=\"vertical-align: inherit;\"><span style=\"vertical-align: inherit;\"><span style=\"vertical-align: inherit;\">Bitte z\u00f6gern Sie nicht, sich mit uns in Verbindung zu setzen, wenn Sie spezielle W\u00fcnsche oder Fragen haben. <\/span><\/span><\/span><span style=\"vertical-align: inherit;\"><span style=\"vertical-align: inherit;\"><span style=\"vertical-align: inherit;\">Sie k\u00f6nnen Ihre Anfrage im unten stehenden Formular senden.<\/span><\/span><\/span><\/span><\/span><\/p>\n<p><span style=\"vertical-align: inherit;\"><span style=\"vertical-align: inherit;\"><span style=\"vertical-align: inherit;\"><span style=\"vertical-align: inherit;\"><span style=\"vertical-align: inherit;\"><span style=\"vertical-align: inherit;\">Alle Bauteile werden ausschlie\u00dflich in Deutschland produziert.<\/span><\/span><\/span><\/span><\/span><\/span><\/p>\n<p><span style=\"font-size: 14pt;\"><span style=\"vertical-align: inherit;\"><span style=\"vertical-align: inherit;\"><span style=\"vertical-align: inherit;\"><span style=\"vertical-align: inherit;\"><span style=\"vertical-align: inherit;\"><span style=\"vertical-align: inherit;\">Preis auf Anfrage.<\/span><\/span><\/span><\/span><\/span><\/span><\/span><\/p>\n<p><span style=\"font-size: 14pt;\"><strong><span style=\"vertical-align: inherit;\"><span style=\"vertical-align: inherit;\"><span style=\"vertical-align: inherit;\"><span style=\"vertical-align: inherit;\"><span style=\"vertical-align: inherit;\"><span style=\"vertical-align: inherit;\">Preise:<\/span><\/span><\/span><\/span><\/span><\/span><\/strong><\/span><br \/>\n<span style=\"vertical-align: inherit;\"><span style=\"vertical-align: inherit;\"><span style=\"vertical-align: inherit;\"><span style=\"vertical-align: inherit;\"><span style=\"vertical-align: inherit;\"><span style=\"vertical-align: inherit;\"> T-100 with swing arms in blue, red, green, black or aluminum: 359 \u20ac<\/span><\/span><\/span><\/span><\/span><\/span><\/p>\n<p><span style=\"vertical-align: inherit;\"><span style=\"vertical-align: inherit;\"><span style=\"vertical-align: inherit;\"><span style=\"vertical-align: inherit;\"><span style=\"vertical-align: inherit;\"><span style=\"vertical-align: inherit;\">Verchromte Schwingen: <\/span><\/span><\/span><\/span><\/span><\/span><br \/>\n<span style=\"vertical-align: inherit;\"><span style=\"vertical-align: inherit;\"><span style=\"vertical-align: inherit;\"><span style=\"vertical-align: inherit;\"><span style=\"vertical-align: inherit;\"><span style=\"vertical-align: inherit;\">1 Swing arm polished and chrome-plated: 58 \u20ac <\/span><\/span><\/span><\/span><\/span><\/span><br \/>\n<span style=\"vertical-align: inherit;\"><span style=\"vertical-align: inherit;\"><span style=\"vertical-align: inherit;\"><span style=\"vertical-align: inherit;\"><span style=\"vertical-align: inherit;\"><span style=\"vertical-align: inherit;\">2 Swing arms polished and chrome-plated: 116 \u20ac <\/span><\/span><\/span><\/span><\/span><\/span><br \/>\n<span style=\"vertical-align: inherit;\"><span style=\"vertical-align: inherit;\"><span style=\"vertical-align: inherit;\"><span style=\"vertical-align: inherit;\"><span style=\"vertical-align: inherit;\"><span style=\"vertical-align: inherit;\">3 Swing arms polished and chrome-plated: 174 \u20ac <\/span><\/span><\/span><\/span><\/span><\/span><br \/>\n<span style=\"vertical-align: inherit;\"><span style=\"vertical-align: inherit;\"><span style=\"vertical-align: inherit;\"><span style=\"vertical-align: inherit;\"><span style=\"vertical-align: inherit;\"><span style=\"vertical-align: inherit;\">Base plate in black Nero Assoluto granite: 124 \u20ac<br \/>\nGrundplatte aus Carrara-Marmor auf Anfrage.<\/span><\/span><\/span><\/span><\/span><\/span><\/p>\n<p><span style=\"vertical-align: inherit;\"><span style=\"vertical-align: inherit;\"><span style=\"vertical-align: inherit;\"><span style=\"vertical-align: inherit;\"><span style=\"vertical-align: inherit;\"><span style=\"vertical-align: inherit;\">Verchromte Pendelst\u00e4be sind deutlich aufwendiger in der Herstellung und nur gegen Aufpreis verf\u00fcgbar<\/span><\/span><\/span><\/span><\/span><\/span><\/p>\n<p><strong><span style=\"vertical-align: inherit;\"><span style=\"vertical-align: inherit;\"><span style=\"vertical-align: inherit;\"><span style=\"vertical-align: inherit;\"><span style=\"vertical-align: inherit;\"><span style=\"vertical-align: inherit;\">Kaufhinweis: <\/span><\/span><\/span><\/span><\/span><\/span><\/strong> <strong><span style=\"vertical-align: inherit;\"><span style=\"vertical-align: inherit;\"><span style=\"vertical-align: inherit;\"><span style=\"vertical-align: inherit;\"><span style=\"vertical-align: inherit;\"><span style=\"vertical-align: inherit;\">Bitte f\u00fcllen Sie das unten stehende Formular mit Ihren bevorzugten Farben f\u00fcr die Schwingen aus. <\/span><\/span><\/span><\/span><\/span><span style=\"vertical-align: inherit;\"><span style=\"vertical-align: inherit;\"><span style=\"vertical-align: inherit;\"><span style=\"vertical-align: inherit;\"><span style=\"vertical-align: inherit;\">Wir werden uns umgehend bei Ihnen melden, sobald wir Ihre Anfrage erhalten haben, um weitere Details nach Ihren W\u00fcnschen zu besprechen.\u00a0<\/span><\/span><\/span><\/span><\/span><\/span><\/strong><\/p>\n\n<div class=\"wpcf7 no-js\" id=\"wpcf7-f10471-o1\" lang=\"en-US\" dir=\"ltr\" data-wpcf7-id=\"10471\">\n<div class=\"screen-reader-response\"><p role=\"status\" aria-live=\"polite\" aria-atomic=\"true\"><\/p> <ul><\/ul><\/div>\n<form action=\"\/de\/wp-json\/wp\/v2\/product\/74#wpcf7-f10471-o1\" method=\"post\" class=\"wpcf7-form init\" aria-label=\"Contact form\" novalidate=\"novalidate\" data-status=\"init\" data-trp-original-action=\"\/de\/wp-json\/wp\/v2\/product\/74#wpcf7-f10471-o1\">\n<div style=\"display: none;\">\n<input type=\"hidden\" name=\"_wpcf7\" value=\"10471\" \/>\n<input type=\"hidden\" name=\"_wpcf7_version\" value=\"6.0.6\" \/>\n<input type=\"hidden\" name=\"_wpcf7_locale\" value=\"en_US\" \/>\n<input type=\"hidden\" name=\"_wpcf7_unit_tag\" value=\"wpcf7-f10471-o1\" \/>\n<input type=\"hidden\" name=\"_wpcf7_container_post\" value=\"0\" \/>\n<input type=\"hidden\" name=\"_wpcf7_posted_data_hash\" value=\"\" \/>\n<input type=\"hidden\" name=\"_wpcf7_recaptcha_response\" value=\"\" \/>\n<\/div>\n<p><label>Colour Swing Arm Top:<br \/>\n<span class=\"wpcf7-form-control-wrap\" data-name=\"swing-arm-top\"><select class=\"wpcf7-form-control wpcf7-select wpcf7-validates-as-required\" aria-required=\"true\" aria-invalid=\"false\" name=\"swing-arm-top\"><option value=\"Black\">Schwarz<\/option><option value=\"Red\">Rot<\/option><option value=\"Yellow\">Gelb<\/option><option value=\"Blue\">Blau<\/option><option value=\"Green\">Gr\u00fcn<\/option><option value=\"Natural Aluminium EV1 anodized natural (silver-colored)\">Nat\u00fcrliches Aluminium EV1 eloxiert nat\u00fcrlich (silberfarben)<\/option><option value=\"Chrome-plated aluminium (polished and chrome-plated)\">Chrome-plated aluminium (polished and chrome-plated)<\/option><\/select><\/span><br \/>\n<\/label>\n<\/p>\n<p><label>Colour Swing Arm Middle:<br \/>\n<span class=\"wpcf7-form-control-wrap\" data-name=\"swing-arm-middle\"><select class=\"wpcf7-form-control wpcf7-select wpcf7-validates-as-required\" aria-required=\"true\" aria-invalid=\"false\" name=\"swing-arm-middle\"><option value=\"Black\">Schwarz<\/option><option value=\"Red\">Rot<\/option><option value=\"Yellow\">Gelb<\/option><option value=\"Blue\">Blau<\/option><option value=\"Natural Aluminium EV1 anodized natural (silver-colored)\">Nat\u00fcrliches Aluminium EV1 eloxiert nat\u00fcrlich (silberfarben)<\/option><option value=\"Chrome-plated aluminium (polished and chrome-plated)\">Chrome-plated aluminium (polished and chrome-plated)<\/option><option value=\"Green\">Gr\u00fcn<\/option><\/select><\/span><br \/>\n<\/label>\n<\/p>\n<p><label>Colour Swing Arm Bottom:<br \/>\n<span class=\"wpcf7-form-control-wrap\" data-name=\"swing-arm-bottom\"><select class=\"wpcf7-form-control wpcf7-select wpcf7-validates-as-required\" aria-required=\"true\" aria-invalid=\"false\" name=\"swing-arm-bottom\"><option value=\"Black\">Schwarz<\/option><option value=\"Red\">Rot<\/option><option value=\"Yellow\">Gelb<\/option><option value=\"Blue\">Blau<\/option><option value=\"Green\">Gr\u00fcn<\/option><option value=\"Natural Aluminium EV1 anodized natural (silver-colored)\">Nat\u00fcrliches Aluminium EV1 eloxiert nat\u00fcrlich (silberfarben)<\/option><option value=\"Chrome-plated aluminium (polished and chrome-plated)\">Chrome-plated aluminium (polished and chrome-plated)<\/option><\/select><\/span><br \/>\n<\/label>\n<\/p>\n<p><label>Base Plate:<br \/>\n<span class=\"wpcf7-form-control-wrap\" data-name=\"base-plate\"><select class=\"wpcf7-form-control wpcf7-select wpcf7-validates-as-required\" aria-required=\"true\" aria-invalid=\"false\" name=\"base-plate\"><option value=\"Black Nero Assoluto Granite\">Black Nero Assoluto Granite<\/option><option value=\"Powder-Coated Black\">Powder-Coated Black<\/option><option value=\"White Carrara marble\">White Carrara marble<\/option><\/select><\/span><br \/>\n<\/label>\n<\/p>\n<p><label>Your Name:<br \/>\n<span class=\"wpcf7-form-control-wrap\" data-name=\"your-name\"><input size=\"40\" maxlength=\"400\" class=\"wpcf7-form-control wpcf7-text wpcf7-validates-as-required\" aria-required=\"true\" aria-invalid=\"false\" value=\"\" type=\"text\" name=\"your-name\" \/><\/span><br \/>\n<\/label>\n<\/p>\n<p><label>Your Email:<br \/>\n<span class=\"wpcf7-form-control-wrap\" data-name=\"your-email\"><input size=\"40\" maxlength=\"400\" class=\"wpcf7-form-control wpcf7-email wpcf7-validates-as-required wpcf7-text wpcf7-validates-as-email\" aria-required=\"true\" aria-invalid=\"false\" value=\"\" type=\"email\" name=\"your-email\" \/><\/span><br \/>\n<\/label>\n<\/p>\n<p><label>Phone (optional):<br \/>\n<span class=\"wpcf7-form-control-wrap\" data-name=\"your-phone\"><input size=\"40\" maxlength=\"400\" class=\"wpcf7-form-control wpcf7-tel wpcf7-text wpcf7-validates-as-tel\" aria-invalid=\"false\" value=\"\" type=\"tel\" name=\"your-phone\" \/><\/span><br \/>\n<\/label>\n<\/p>\n<p><label>Additional Request:<br \/>\n<span class=\"wpcf7-form-control-wrap\" data-name=\"your-message\"><textarea cols=\"40\" rows=\"10\" maxlength=\"2000\" class=\"wpcf7-form-control wpcf7-textarea\" aria-invalid=\"false\" name=\"your-message\"><\/textarea><\/span><br \/>\n<\/label>\n<\/p>\n\n<p><input class=\"wpcf7-form-control wpcf7-submit has-spinner\" type=\"submit\" value=\"Send Request\" \/>\n<\/p><p style=\"display: none !important;\" class=\"akismet-fields-container\" data-prefix=\"_wpcf7_ak_\"><label>&#916;<textarea name=\"_wpcf7_ak_hp_textarea\" cols=\"45\" rows=\"8\" maxlength=\"100\"><\/textarea><\/label><input type=\"hidden\" id=\"ak_js_1\" name=\"_wpcf7_ak_js\" value=\"131\"\/><script>document.getElementById( \"ak_js_1\" ).setAttribute( \"value\", ( new Date() ).getTime() );<\/script><\/p><div class=\"wpcf7-response-output\" aria-hidden=\"true\"><\/div>\n<input type=\"hidden\" name=\"trp-form-language\" value=\"de\"\/><\/form>\n<\/div>","protected":false},"excerpt":{"rendered":"<p><span style=\"vertical-align: inherit;\"><span style=\"vertical-align: inherit;\"><span style=\"vertical-align: inherit;\"><span style=\"vertical-align: inherit;\"><span style=\"vertical-align: inherit;\"><span style=\"vertical-align: inherit;\">Der Klassiker der Tripendulum\u00ae Baureihe wird seit \u00fcber 15 Jahren gebaut, und ist in individuellen Farbkombinationen erh\u00e4ltlich. <\/span><\/span><\/span><\/span><\/span><span style=\"vertical-align: inherit;\"><span style=\"vertical-align: inherit;\"><span style=\"vertical-align: inherit;\"><span style=\"vertical-align: inherit;\"><span style=\"vertical-align: inherit;\">Dabei wird jedes Pendel exakt nach Ihren Farbw\u00fcnschen gefertigt.<\/span><\/span><\/span><\/span><\/span><\/span><\/p>","protected":false},"featured_media":277,"template":"","meta":{"om_disable_all_campaigns":false,"_monsterinsights_skip_tracking":false,"_monsterinsights_sitenote_active":false,"_monsterinsights_sitenote_note":"","_monsterinsights_sitenote_category":0,"_uf_show_specific_survey":0,"_uf_disable_surveys":false},"product_brand":[],"product_cat":[33],"product_tag":[112,119,20,22,19,111],"class_list":{"0":"post-74","1":"product","2":"type-product","3":"status-publish","4":"has-post-thumbnail","6":"product_cat-t-100-premium","7":"product_tag-chaos-model","8":"product_tag-physics-models","9":"product_tag-t-100","10":"product_tag-tripendulum","11":"product_tag-tripendulum-100","12":"product_tag-tripendulum-store","14":"first","15":"instock","16":"taxable","17":"shipping-taxable","18":"product-type-simple"},"aioseo_notices":[],"jetpack_sharing_enabled":true,"_links":{"self":[{"href":"https:\/\/www.tripendulum.org\/de\/wp-json\/wp\/v2\/product\/74","targetHints":{"allow":["GET"]}}],"collection":[{"href":"https:\/\/www.tripendulum.org\/de\/wp-json\/wp\/v2\/product"}],"about":[{"href":"https:\/\/www.tripendulum.org\/de\/wp-json\/wp\/v2\/types\/product"}],"wp:featuredmedia":[{"embeddable":true,"href":"https:\/\/www.tripendulum.org\/de\/wp-json\/wp\/v2\/media\/277"}],"wp:attachment":[{"href":"https:\/\/www.tripendulum.org\/de\/wp-json\/wp\/v2\/media?parent=74"}],"wp:term":[{"taxonomy":"product_brand","embeddable":true,"href":"https:\/\/www.tripendulum.org\/de\/wp-json\/wp\/v2\/product_brand?post=74"},{"taxonomy":"product_cat","embeddable":true,"href":"https:\/\/www.tripendulum.org\/de\/wp-json\/wp\/v2\/product_cat?post=74"},{"taxonomy":"product_tag","embeddable":true,"href":"https:\/\/www.tripendulum.org\/de\/wp-json\/wp\/v2\/product_tag?post=74"}],"curies":[{"name":"wp","href":"https:\/\/api.w.org\/{rel}","templated":true}]}}