{"id":801,"date":"2022-03-25T13:31:59","date_gmt":"2022-03-25T13:31:59","guid":{"rendered":"https:\/\/www.tripendulum.org\/?post_type=product&#038;p=801"},"modified":"2026-04-05T11:38:57","modified_gmt":"2026-04-05T11:38:57","slug":"t-200-chrome-edition-with-granite-base-plate-new-launch-in-2022","status":"publish","type":"product","link":"https:\/\/www.tripendulum.org\/de\/produkt\/t-200-chrome-edition-with-granite-base-plate-new-launch-in-2022\/","title":{"rendered":"T-200 Chrome Edition mit Granit-Bodenplatte (Neuheit in 2022)"},"content":{"rendered":"<p>Dieses Modell zeigt ein chaotisches System in absoluter Perfektion. Diese Version des T-200 wird mit einer stabilen Grundplatte anstelle einer Tischklemme geliefert. Die Grundplatte besteht aus edlem schwarzen Nero Assoluto-Granit mit einer d\u00fcnnen Stahlplatte darunter - so k\u00f6nnen die beweglichen Massen maximal erh\u00f6ht werden. Infolgedessen sind die Bewegungen langsamer, st\u00e4rker und sehr dynamisch. Die Montagestange und alle Beschl\u00e4ge bestehen aus Aluminium und Stahl, und sind schwarz pulverlackiert in Feinstruktur. Die Pr\u00e4zisionslager sind gegen Staub und Schmutz gesch\u00fctzt. Die Armaturen sind poliert und hochglanzverchromt.<\/p>\n<p>Bitte beachten Sie: Die Bilder dieses Produkts k\u00f6nnen vom Endprodukt abweichen. Kommen Sie bei Fragen hierzu gerne auf uns zu.<\/p>","protected":false},"excerpt":{"rendered":"<p>Die elegante T-200 Chrome Edition mit einer Grundplatte aus schwarzem Nero Assoluto Granit. Zeitlose \u00c4sthetik und maximale Dynamik in Perfektion.<\/p>","protected":false},"featured_media":668,"template":"","meta":{"om_disable_all_campaigns":false,"_monsterinsights_skip_tracking":false,"_monsterinsights_sitenote_active":false,"_monsterinsights_sitenote_note":"","_monsterinsights_sitenote_category":0,"_uf_show_specific_survey":0,"_uf_disable_surveys":false},"product_brand":[],"product_cat":[39],"product_tag":[40,112,113,31,22,110,111],"class_list":{"0":"post-801","1":"product","2":"type-product","3":"status-publish","4":"has-post-thumbnail","6":"product_cat-t-200-premium","7":"product_tag-40","8":"product_tag-chaos-model","9":"product_tag-chaos-pendulum","10":"product_tag-silver","11":"product_tag-tripendulum","12":"product_tag-tripendulum-200","13":"product_tag-tripendulum-store","14":"product_shipping_class-t-200-granit","16":"first","17":"outofstock","18":"taxable","19":"shipping-taxable","20":"purchasable","21":"product-type-simple"},"aioseo_notices":[],"jetpack_sharing_enabled":true,"_links":{"self":[{"href":"https:\/\/www.tripendulum.org\/de\/wp-json\/wp\/v2\/product\/801","targetHints":{"allow":["GET"]}}],"collection":[{"href":"https:\/\/www.tripendulum.org\/de\/wp-json\/wp\/v2\/product"}],"about":[{"href":"https:\/\/www.tripendulum.org\/de\/wp-json\/wp\/v2\/types\/product"}],"wp:featuredmedia":[{"embeddable":true,"href":"https:\/\/www.tripendulum.org\/de\/wp-json\/wp\/v2\/media\/668"}],"wp:attachment":[{"href":"https:\/\/www.tripendulum.org\/de\/wp-json\/wp\/v2\/media?parent=801"}],"wp:term":[{"taxonomy":"product_brand","embeddable":true,"href":"https:\/\/www.tripendulum.org\/de\/wp-json\/wp\/v2\/product_brand?post=801"},{"taxonomy":"product_cat","embeddable":true,"href":"https:\/\/www.tripendulum.org\/de\/wp-json\/wp\/v2\/product_cat?post=801"},{"taxonomy":"product_tag","embeddable":true,"href":"https:\/\/www.tripendulum.org\/de\/wp-json\/wp\/v2\/product_tag?post=801"}],"curies":[{"name":"wp","href":"https:\/\/api.w.org\/{rel}","templated":true}]}}