{"id":861,"date":"2022-12-30T11:03:27","date_gmt":"2022-12-30T11:03:27","guid":{"rendered":"https:\/\/www.tripendulum.org\/?post_type=product&#038;p=861"},"modified":"2024-02-06T10:28:46","modified_gmt":"2024-02-06T10:28:46","slug":"t-100-chrome-edition-with-verde-lapponia-granite-base","status":"publish","type":"product","link":"https:\/\/www.tripendulum.org\/de\/produkt\/t-100-chrome-edition-with-verde-lapponia-granite-base\/","title":{"rendered":"T-100 Chrome Edition mit Sockel aus Verde Lapponia Granit"},"content":{"rendered":"<p>Ein Traum in Chrom und das Topmodell der T-100 Baureihe. Alle drei Pendelarme sowie alle Beschlagteile sind hochgl\u00e4nzend poliert und verchromt. Es reflektiert seine Umgebung in tausend Facetten. In seiner Bewegung entfaltet es eine ganz besondere Mystik. Ein Spiel mit dem Licht in bestechender Qualit\u00e4t. Das Pendel wird durch einen 30 mm dicken, polierten Sockel aus elegantem und zeitlosem Verde-Lapponia-Granit, einem wolkig gemusterten, gr\u00fcnen Quarzit aus Norwegen, erg\u00e4nzt. Der Aufnahmestab sowie die Beschlagteile bestehen aus Stahl und unterschiedlichen Metallen. Die Oberfl\u00e4chen sind poliert und verchromt. Die Lagerungen sind gegen Staub und Verschmutzung gesch\u00fctzt.<\/p>\n<p>Alle Bauteile werden ausschlie\u00dflich in Deutschland produziert.<\/p>","protected":false},"excerpt":{"rendered":"<p>Ein Traum aus Chrom und schwarzem Granit<\/p>","protected":false},"featured_media":949,"template":"","meta":{"om_disable_all_campaigns":false,"_monsterinsights_skip_tracking":false,"_monsterinsights_sitenote_active":false,"_monsterinsights_sitenote_note":"","_monsterinsights_sitenote_category":0,"_uf_show_specific_survey":0,"_uf_disable_surveys":false},"product_brand":[],"product_cat":[33],"product_tag":[34,30,36,22],"class_list":{"0":"post-861","1":"product","2":"type-product","3":"status-publish","4":"has-post-thumbnail","6":"product_cat-t-100-premium","7":"product_tag-34","8":"product_tag-chrome","9":"product_tag-edition","10":"product_tag-tripendulum","12":"first","13":"outofstock","14":"sale","15":"taxable","16":"shipping-taxable","17":"purchasable","18":"product-type-simple"},"aioseo_notices":[],"jetpack_sharing_enabled":true,"_links":{"self":[{"href":"https:\/\/www.tripendulum.org\/de\/wp-json\/wp\/v2\/product\/861","targetHints":{"allow":["GET"]}}],"collection":[{"href":"https:\/\/www.tripendulum.org\/de\/wp-json\/wp\/v2\/product"}],"about":[{"href":"https:\/\/www.tripendulum.org\/de\/wp-json\/wp\/v2\/types\/product"}],"wp:featuredmedia":[{"embeddable":true,"href":"https:\/\/www.tripendulum.org\/de\/wp-json\/wp\/v2\/media\/949"}],"wp:attachment":[{"href":"https:\/\/www.tripendulum.org\/de\/wp-json\/wp\/v2\/media?parent=861"}],"wp:term":[{"taxonomy":"product_brand","embeddable":true,"href":"https:\/\/www.tripendulum.org\/de\/wp-json\/wp\/v2\/product_brand?post=861"},{"taxonomy":"product_cat","embeddable":true,"href":"https:\/\/www.tripendulum.org\/de\/wp-json\/wp\/v2\/product_cat?post=861"},{"taxonomy":"product_tag","embeddable":true,"href":"https:\/\/www.tripendulum.org\/de\/wp-json\/wp\/v2\/product_tag?post=861"}],"curies":[{"name":"wp","href":"https:\/\/api.w.org\/{rel}","templated":true}]}}